{"id":881,"date":"2023-04-03T18:31:32","date_gmt":"2023-04-03T18:31:32","guid":{"rendered":"https:\/\/jornadasaepdiri2023.com\/?page_id=881"},"modified":"2023-06-27T09:33:54","modified_gmt":"2023-06-27T09:33:54","slug":"agenda-social","status":"publish","type":"page","link":"https:\/\/jornadasaepdiri2023.com\/index.php\/agenda-social\/","title":{"rendered":"Agenda Social"},"content":{"rendered":"<section class=\"wpb-content-wrapper\"><p>[vc_row content_bg_color=\u00bbbg-grey\u00bb css=\u00bb.vc_custom_1680774451488{padding-top: 50px !important;padding-bottom: 30px !important;background-image: url(https:\/\/jornadasaepdiri2023.com\/wp-content\/uploads\/2023\/04\/Universidad-de-Las-Palmas-de-Gran-Canaria-2200-\u00d7-686-px-3.png?id=1091) !important;background-position: center !important;background-repeat: no-repeat !important;background-size: cover !important;}\u00bb][vc_column][vc_empty_space height=\u00bb75px\u00bb]       \n      <div class=\"mo-title-box title-box-style1  text-center\"  ><h3>Agenda Social<\/h3> <\/div>\n    [vc_column_text]<\/p>\n<h4 style=\"text-align: center;\">21 &#8211; 24 de septiembre<\/h4>\n<p>[\/vc_column_text][vc_empty_space height=\u00bb75px\u00bb][\/vc_column][\/vc_row][vc_row][vc_column][vc_empty_space height=\u00bb75px\u00bb][vc_column_text]<\/p>\n<p style=\"font-weight: 400;\">La participaci\u00f3n en todas las actividades de la agenda social de las XXX Jornadas de la AEPDIRI ser\u00e1 gratuita para las personas efectivamente inscritas en las mismas hasta completar aforo. Para participar ser\u00e1 necesario inscribirse en la actividad con la finalidad de gestionar su organizaci\u00f3n seg\u00fan el n\u00famero de participantes.<\/p>\n<p style=\"font-weight: 400;\">Las actividades del s\u00e1bado d\u00eda 23, que abarcan todo el d\u00eda, podr\u00e1n ser enteramente gratuitas o el participante deber\u00e1 abonar su almuerzo del mediod\u00eda. Podremos confirmar este extremo a principios de septiembre, atendiendo al n\u00famero de participantes en las Jornadas y en cada una de las actividades.<\/p>\n<p>[\/vc_column_text][vc_empty_space height=\u00bb75px\u00bb][\/vc_column][\/vc_row][vc_row css=\u00bb.vc_custom_1681405706697{background-image: url(https:\/\/jornadasaepdiri2023.com\/wp-content\/uploads\/2023\/04\/Universidad-de-Las-Palmas-de-Gran-Canaria-2200-\u00d7-686-px-2.png?id=1090) !important;}\u00bb][vc_column][vc_empty_space height=\u00bb75px\u00bb][vc_column_text]<\/p>\n<h5 style=\"font-weight: 400; text-align: center;\"><strong>\u00a1Es necesaria la inscripci\u00f3n en las actividades de la agenda social, as\u00ed como la confirmaci\u00f3n de la asistencia a la cena de gala de las XXX Jornadas de la AEPDIRI!<\/strong><\/h5>\n<p style=\"font-weight: 400;\"><strong>\u00a0<\/strong><\/p>\n<h4 style=\"text-align: center;\"><strong>La inscripci\u00f3n es obligatoria para asistir a las actividades de la agenda social y se encuentra disponible en: <\/strong><\/h4>\n<p>[\/vc_column_text]     <div class=\"text-center \">\n       <a class=\"button btn-solid btn-txt-circle light hr_light bg_primary bg_hr_primary outline_grey outline_hr_grey medium radius5 linear\"  href=\"https:\/\/forms.gle\/6mKadXiCXcPGWGKW8\" target=\"_self\"><span class=\"button-text\">Inscripci\u00f3n Actividades Agenda Social<\/span>\n                            <\/a> \n\t <\/div>\n    [vc_empty_space height=\u00bb75px\u00bb][\/vc_column][\/vc_row][vc_row][vc_column][vc_empty_space height=\u00bb75px\u00bb]       \n      <div class=\"mo-title-box title-box-style1  text-center\"  ><h3>En la Agenda Social podr\u00e1s conocer:<\/h3> <\/div>\n    [vc_empty_space height=\u00bb75px\u00bb][vc_column_text]<\/p>\n<h4>Jueves 21 de septiembre de 2023<\/h4>\n<p>[\/vc_column_text][\/vc_column][\/vc_row][vc_row full_width=\u00bbstretch_row_content_no_spaces\u00bb][vc_column][vc_column_text css=\u00bb.vc_custom_1687809525280{padding-left: 10% !important;}\u00bb]<\/p>\n<p style=\"font-weight: 400;\"><strong>LUGAR: PARANINFO DE LA ULPGC<\/strong><\/p>\n<p style=\"font-weight: 400;\"><strong><u>18:00 \u2013 18:30.<\/u><\/strong><strong> Presentaci\u00f3n de LPA VISIT. Las Palmas de Gran Canaria, ciudad de cultura y congresos.<\/strong><\/p>\n<p style=\"font-weight: 400;\">Presentaci\u00f3n realizada por el Excmo. Ayuntamiento de Las Palmas de Gran Canaria.<\/p>\n<p style=\"font-weight: 400;\"><strong>LUGAR: BARRIO DE VEGUETA<\/strong><\/p>\n<p style=\"font-weight: 400;\"><strong>\u00a0<\/strong><strong><u>18:30 \u2013 20:00.<\/u><\/strong><strong> Visita a Vegueta, centro hist\u00f3rico de la ciudad de Las Palmas de Gran Canaria.<\/strong><\/p>\n<p style=\"font-weight: 400;\">Con la colaboraci\u00f3n de LPA VISIT del Excmo. Ayuntamiento de Las Palmas de Gran Canaria.<\/p>\n<p style=\"font-weight: 400;\">Vegueta es el n\u00facleo fundacional de Las Palmas de Gran Canaria desde finales del siglo XV. En sus plazas se hallan edificios hist\u00f3ricos como la Catedral de Santa Ana, la Casa de Col\u00f3n, el Museo Canario, el Gabinete Literario, las Casas Consistoriales y el Centro Atl\u00e1ntico de Arte Moderno.<\/p>\n<p>[\/vc_column_text][vc_media_grid element_width=\u00bb2&#8243; gap=\u00bb30&#8243; grid_id=\u00bbvc_gid:1687858388304-c8961b9f-7693-9&#8243; include=\u00bb1294,1295,1297,1298,1299,1300&#8243;][\/vc_column][\/vc_row][vc_row][vc_column][vc_empty_space height=\u00bb75px\u00bb][vc_column_text]<\/p>\n<h4>Viernes 22 de septiembre de 2023<\/h4>\n<p>[\/vc_column_text][\/vc_column][\/vc_row][vc_row full_width=\u00bbstretch_row_content_no_spaces\u00bb][vc_column][vc_column_text css=\u00bb.vc_custom_1687858411268{padding-left: 10% !important;}\u00bb]<\/p>\n<p style=\"font-weight: 400;\"><strong>LUGAR: PUEBLO CANARIO. JUNTO A HOTEL SANTA CATALINA.<\/strong><\/p>\n<p style=\"font-weight: 400;\"><strong><u>21:00 \u2013 21:30.<\/u><\/strong><strong> Visita previa a la cena de gala. Visita al Pueblo Canario.<\/strong><\/p>\n<p style=\"font-weight: 400;\">Con la colaboraci\u00f3n de LPA VISIT del Excmo. Ayuntamiento de Las Palmas de Gran Canaria.<\/p>\n<p style=\"font-weight: 400;\">Integrado en el entorno del Parque Doramas, el Pueblo Canario es un rinc\u00f3n singular. Obra del artista N\u00e9stor Mart\u00edn-Fern\u00e1ndez de la Torre y de su hermano, el arquitecto Miguel, el recinto fue concebido como un espacio para el arte, el folclore y la artesan\u00eda canaria. En octubre de 2013 fue declarado Bien de Inter\u00e9s Cultural, con la categor\u00eda de Monumento por el Gobierno de Espa\u00f1a. Integra el Museo N\u00e9stor y la Ermita de Santa Catalina. El recinto cuenta tambi\u00e9n con un bodeg\u00f3n y tiendas de artesan\u00eda.<\/p>\n<p>[\/vc_column_text][vc_media_grid element_width=\u00bb2&#8243; gap=\u00bb30&#8243; grid_id=\u00bbvc_gid:1687858388304-5ceacaee-4a97-7&#8243; include=\u00bb1303,1304,1305,1306,1307,1308&#8243;][\/vc_column][\/vc_row][vc_row][vc_column][vc_empty_space height=\u00bb75px\u00bb][vc_column_text]<\/p>\n<h4>S\u00e1bado 23 de septiembre de 2023<\/h4>\n<p style=\"font-weight: 400;\">Se ofertan tres excursiones para conocer la isla de Gran Canaria y sus encantos hasta completar aforo.<\/p>\n<h5><strong>Se debe escoger <u>una<\/u> de las tres excursiones ofertadas. <\/strong><\/h5>\n<p>[\/vc_column_text][\/vc_column][\/vc_row][vc_row full_width=\u00bbstretch_row_content_no_spaces\u00bb][vc_column][vc_column_text css=\u00bb.vc_custom_1687858419370{padding-left: 10% !important;}\u00bb]<\/p>\n<p style=\"padding-left: 40px;\"><strong>1. \u00a0LUGAR: CENTRO, RISCO CA\u00cdDO Y SUR DE GRAN CANARIA.<\/strong><\/p>\n<p style=\"font-weight: 400;\"><strong><u>10:00 \u2013 18:00.<\/u><\/strong><strong> Visita al centro de la isla. Visita a Risco Ca\u00eddo (Patrimonio de la Humanidad). Comida en el centro de la isla. \u00daltima parada en Maspalomas.<\/strong><\/p>\n<p style=\"font-weight: 400;\">Con la colaboraci\u00f3n del Patronato de Turismo de Gran Canaria.<\/p>\n<p style=\"font-weight: 400;\">Se conocer\u00e1 el centro de la isla, que cuenta con pueblos tan pintorescos como Artenara o Tejeda (declarado uno de los pueblos m\u00e1s bonitos de Espa\u00f1a). El entorno de Risco Ca\u00eddo y las Monta\u00f1as Sagradas de Gran Canaria son Patrimonio Mundial de la UNESCO. El asentamiento est\u00e1 formado por un total de 21 cuevas excavadas en la toba volc\u00e1nica situadas en lo alto de un escarpado acantilado que forma un saliente sobre la margen izquierda de Barranco Hondo, una muestra m\u00e1s de la pervivencia en tiempos recientes de formas de vidas de herencia prehisp\u00e1nica. Se almorzar\u00e1 en el centro de la isla (pendiente de confirmar si el almuerzo corre a cargo de los participantes). Se finalizar\u00e1 la visita en el sur de la isla, pudiendo conocer la Playa del Ingl\u00e9s y las Dunas de Maspalomas.<\/p>\n<p style=\"padding-left: 40px;\"><strong>2. LUGAR: CENTRO DE LA ISLA Y SUR DE GRAN CANARIA.<\/strong><\/p>\n<p style=\"font-weight: 400;\"><strong><u>10:00 \u2013 18:00.<\/u><\/strong><strong> Visita al centro de la isla. Comida en el centro sur de la isla. Tarde en Maspalomas.<\/strong><\/p>\n<p style=\"font-weight: 400;\"><strong>\u00a0<\/strong>Con la colaboraci\u00f3n del Patronato de Turismo de Gran Canaria.<\/p>\n<p style=\"font-weight: 400;\">Se conocer\u00e1 el centro de la isla, siguiendo un itinerario en el que se podr\u00e1 explorar Teror, la Cruz de Tejeda y el mirador de la Degollada de Becerra. Se seguir\u00e1 hacia el sur de la isla. Se almorzar\u00e1 en el sur de la isla, en Maspalomas (pendiente de confirmar si el almuerzo corre a cargo de los participantes). Se finalizar\u00e1 la visita con la posibilidad de ver las dunas de Maspalomas y darse un ba\u00f1o en el Atl\u00e1ntico, en la playa de Maspalomas.<\/p>\n<p style=\"padding-left: 40px;\"><strong>3. LUGAR: NORTE DE LA ISLA. CUEVA PINTADA, COMIDA EN AGAETE.<\/strong><\/p>\n<p style=\"font-weight: 400;\"><strong><u>10:00 \u2013 18:00.<\/u><\/strong><strong> Visita al norte de la isla. Visita a Cueva Pintada. Comida en el norte de la isla, en el pueblo de Agaete. Visita a los cafetales del norte de la isla.<\/strong><\/p>\n<p style=\"font-weight: 400;\">Con la colaboraci\u00f3n del Patronato de Turismo de Gran Canaria.<\/p>\n<p style=\"font-weight: 400;\">Se conocer\u00e1n pueblos del norte de la isla tales como Arucas, Gu\u00eda y G\u00e1ldar. Se visitar\u00e1 la Cueva Pintada de G\u00e1ldar, una de las manifestaciones de arte rupestre m\u00e1s significativa de Gran Canaria. La misma tiene la categor\u00eda de Parque Arqueol\u00f3gico y ocupa un espacio de 5000 m2. En la Cueva Pintada se trabaja en tres grandes \u00e1reas tem\u00e1ticas: conservaci\u00f3n, arqueolog\u00eda y arquitectura. Tras ello se almorzar\u00e1 en la Casa Rom\u00e1ntica en Agaete (pendiente de confirmar si el almuerzo corre a cargo de los participantes). Se finalizar\u00e1 la visita por la tarde visitando los cafetales del pueblo norte\u00f1o de Agaete.<\/p>\n<p>[\/vc_column_text][vc_media_grid element_width=\u00bb2&#8243; gap=\u00bb30&#8243; grid_id=\u00bbvc_gid:1687858388305-50546b04-c62a-7&#8243; include=\u00bb1311,1312,1313,1314,1315,1316&#8243;][\/vc_column][\/vc_row][vc_row][vc_column][vc_empty_space height=\u00bb75px\u00bb][vc_column_text]<\/p>\n<h4>Domingo 24 de septiembre de 2023<\/h4>\n<p style=\"font-weight: 400;\">Se ofertan dos visitas (hasta completar aforo) para conocer lugares emblem\u00e1ticos de la capital grancanaria en horario compatible con la vuelta de los participantes a sus residencias. Una de ellas centrada en el \u00e1mbito cultural y otra en el del conocimiento de la flora canaria y la naturaleza del centro de la isla.<\/p>\n<h5><strong>Se debe escoger <u>una<\/u> de las dos visitas ofertadas. <\/strong><\/h5>\n<p>[\/vc_column_text][\/vc_column][\/vc_row][vc_row full_width=\u00bbstretch_row_content_no_spaces\u00bb][vc_column][vc_column_text css=\u00bb.vc_custom_1687858427364{padding-left: 10% !important;}\u00bb]<\/p>\n<p style=\"padding-left: 40px;\"><strong>1. LUGAR: AUDITORIO ALFREDO KRAUS. PLAYA DE LAS CANTERAS<\/strong><\/p>\n<p style=\"font-weight: 400;\"><strong><u>10:30 \u2013 12:00.<\/u><\/strong><strong> Visita guiada al Auditorio Alfredo Kraus.<\/strong><\/p>\n<p style=\"font-weight: 400;\"><strong>\u00a0<\/strong>Visita realizada por el Director General de la Fundaci\u00f3n Auditorio y Teatro de Las Palmas de Gran Canaria.<\/p>\n<p style=\"font-weight: 400;\">El edificio es obra del arquitecto catal\u00e1n \u00d3scar Tusquets y es una de las construcciones m\u00e1s singulares y representativas de Las Palmas de Gran Canaria. Se trata de un edificio colorista y monumental. Levantado sobre un z\u00f3calo de roca volc\u00e1nica, el auditorio Alfredo Kraus cuenta con 16.750 m\u00b2 de extensi\u00f3n distribuidos en 25 salas con diversas magnitudes y que pueden llegar a albergar hasta 4600 asistentes de una vez. Una de sus fachadas se orienta hacia el mar, y es en este espacio donde se encuentra su sala principal, \u201cLa Sala Sinf\u00f3nica\u201d, con capacidad para 1656 butacas. Esta gran estancia, de forma hexagonal y con una lograda ac\u00fastica, es el lugar pensado para que el espectador pueda observar la magnitud del Oc\u00e9ano Atl\u00e1ntico mientras escucha su pieza musical favorita, todo gracias a su enorme ventanal de 100 m\u00b2.<\/p>\n<p>&nbsp;<\/p>\n<p style=\"padding-left: 40px;\"><strong>2. LUGAR: JARD\u00cdN BOT\u00c1NICO CANARIO VIERA Y CLAVIJO. CARRETERA DEL DRAGONAL<\/strong><\/p>\n<p style=\"font-weight: 400;\"><strong><u>10:30 \u2013 12:00.<\/u><\/strong><strong> Visita guiada al Jard\u00edn Bot\u00e1nico canario \u201cViera y Clavijo\u201d.<\/strong><\/p>\n<p style=\"font-weight: 400;\">Visita realizada por personal del Jard\u00edn Bot\u00e1nico Canario \u201cViera y Clavijo\u201d.<\/p>\n<p style=\"font-weight: 400;\">El Jard\u00edn Bot\u00e1nico Canario \u201cViera y Clavijo\u201d est\u00e1 dedicado a la conservaci\u00f3n y gesti\u00f3n de la Flora Canaria a trav\u00e9s de tres grandes \u00e1reas de actuaci\u00f3n: la investigaci\u00f3n, la educaci\u00f3n ambiental (incluyendo divulgaci\u00f3n) y el mantenimiento y exhibici\u00f3n de colecciones vivas de plantas terrestres, sobre todo endemismos de Canarias y Macaronesia, pero tambi\u00e9n de zonas del planeta que mantienen conexiones flor\u00edsticas con Canarias.<\/p>\n<p>[\/vc_column_text][vc_media_grid element_width=\u00bb2&#8243; gap=\u00bb30&#8243; grid_id=\u00bbvc_gid:1687858388306-6552e043-3c1c-2&#8243; include=\u00bb1321,1322,1323,1324,1325,1192&#8243;][\/vc_column][\/vc_row]<\/p>\n<\/section>","protected":false},"excerpt":{"rendered":"<p>[vc_row content_bg_color=\u00bbbg-grey\u00bb css=\u00bb.vc_custom_1680774451488{padding-top: 50px !important;padding-bottom: 30px !important;background-image: url(https:\/\/jornadasaepdiri2023.com\/wp-content\/uploads\/2023\/04\/Universidad-de-Las-Palmas-de-Gran-Canaria-2200-\u00d7-686-px-3.png?id=1091) !important;background-position: center !important;background-repeat: no-repeat !important;background-size: cover !important;}\u00bb][vc_column][vc_empty_space height=\u00bb75px\u00bb][vc_column_text] 21 &#8211; 24 de septiembre [\/vc_column_text][vc_empty_space height=\u00bb75px\u00bb][\/vc_column][\/vc_row][vc_row][vc_column][vc_empty_space height=\u00bb75px\u00bb][vc_column_text] La participaci\u00f3n en todas las actividades de la agenda social de las XXX Jornadas de la AEPDIRI ser\u00e1 gratuita para las personas efectivamente inscritas en las mismas hasta completar aforo. Para [&hellip;]<\/p>\n","protected":false},"author":1,"featured_media":0,"parent":0,"menu_order":0,"comment_status":"closed","ping_status":"closed","template":"","meta":{"_monsterinsights_skip_tracking":false,"_monsterinsights_sitenote_active":false,"_monsterinsights_sitenote_note":"","_monsterinsights_sitenote_category":0,"footnotes":""},"class_list":["post-881","page","type-page","status-publish","hentry"],"_links":{"self":[{"href":"https:\/\/jornadasaepdiri2023.com\/index.php\/wp-json\/wp\/v2\/pages\/881","targetHints":{"allow":["GET"]}}],"collection":[{"href":"https:\/\/jornadasaepdiri2023.com\/index.php\/wp-json\/wp\/v2\/pages"}],"about":[{"href":"https:\/\/jornadasaepdiri2023.com\/index.php\/wp-json\/wp\/v2\/types\/page"}],"author":[{"embeddable":true,"href":"https:\/\/jornadasaepdiri2023.com\/index.php\/wp-json\/wp\/v2\/users\/1"}],"replies":[{"embeddable":true,"href":"https:\/\/jornadasaepdiri2023.com\/index.php\/wp-json\/wp\/v2\/comments?post=881"}],"version-history":[{"count":66,"href":"https:\/\/jornadasaepdiri2023.com\/index.php\/wp-json\/wp\/v2\/pages\/881\/revisions"}],"predecessor-version":[{"id":1395,"href":"https:\/\/jornadasaepdiri2023.com\/index.php\/wp-json\/wp\/v2\/pages\/881\/revisions\/1395"}],"wp:attachment":[{"href":"https:\/\/jornadasaepdiri2023.com\/index.php\/wp-json\/wp\/v2\/media?parent=881"}],"curies":[{"name":"wp","href":"https:\/\/api.w.org\/{rel}","templated":true}]}}