{"id":811,"date":"2023-04-03T17:27:21","date_gmt":"2023-04-03T17:27:21","guid":{"rendered":"https:\/\/jornadasaepdiri2023.com\/?page_id=811"},"modified":"2023-05-19T08:30:59","modified_gmt":"2023-05-19T08:30:59","slug":"taller-doctorandos","status":"publish","type":"page","link":"https:\/\/jornadasaepdiri2023.com\/index.php\/taller-doctorandos\/","title":{"rendered":"Taller Doctorandos y Doctorandas"},"content":{"rendered":"<section class=\"wpb-content-wrapper\"><p>[vc_row content_bg_color=\u00bbbg-grey\u00bb css=\u00bb.vc_custom_1680541824368{padding-top: 50px !important;padding-bottom: 30px !important;background-image: url(https:\/\/jornadasaepdiri2023.com\/wp-content\/uploads\/2023\/04\/Recurso-18-copia-1.jpg?id=806) !important;background-position: center !important;background-repeat: no-repeat !important;background-size: cover !important;}\u00bb][vc_column][vc_empty_space height=\u00bb75px\u00bb]       \n      <div class=\"mo-title-box title-box-style1  text-center\"  ><h3>Taller de Doctorandos\/as<\/h3> <\/div>\n    [vc_empty_space height=\u00bb75px\u00bb][vc_row_inner css=\u00bb.vc_custom_1596917051092{padding-top: 15px !important;padding-right: 10% !important;padding-left: 10% !important;}\u00bb el_class=\u00bbsm_no_padding\u00bb][vc_column_inner width=\u00bb1\/2&#8243; parallax_animation=\u00bbyes\u00bb scale_from_x=\u00bb1&#8243; scale_from_y=\u00bb1&#8243; scale_from_z=\u00bb1&#8243; from_opacity=\u00bb1&#8243; scale_to_x=\u00bb1&#8243; scale_to_y=\u00bb1&#8243; scale_to_z=\u00bb1&#8243; to_opacity=\u00bb1&#8243; translate_from_y=\u00bb42&#8243; translate_to_y=\u00bb-88&#8243;]     <div class=\"text-center \">\n       <a class=\"button btn-solid btn-txt-circle light hr_light bg_primary bg_hr_dark outline_grey outline_hr_grey medium radius5 roll\"  href=\"https:\/\/jornadasaepdiri2023.com\/wp-content\/uploads\/2023\/04\/CALL-TALLER-DE-DOCTORANDOS-ESPANOL.pdf\" target=\"_self\"><span class=\"button-text\">Descargar<\/span>\n                            <\/a> \n\t <\/div>\n    [\/vc_column_inner][vc_column_inner width=\u00bb1\/2&#8243; parallax_animation=\u00bbyes\u00bb scale_from_x=\u00bb1&#8243; scale_from_y=\u00bb1&#8243; scale_from_z=\u00bb1&#8243; from_opacity=\u00bb1&#8243; scale_to_x=\u00bb1&#8243; scale_to_y=\u00bb1&#8243; scale_to_z=\u00bb1&#8243; to_opacity=\u00bb1&#8243; translate_from_y=\u00bb57&#8243; translate_to_y=\u00bb-119&#8243;]     <div class=\"text-center \">\n       <a class=\"button btn-border btn-txt-circle light hr_light bg_primary bg_hr_dark outline_grey outline_hr_grey medium radius5 roll\"  href=\"https:\/\/jornadasaepdiri2023.com\/wp-content\/uploads\/2023\/04\/CALL-TALLER-DE-DOCTORANDOS-INGLES.pdf\" target=\"_self\"><span class=\"button-text\">Download<\/span>\n                            <\/a> \n\t <\/div>\n    [\/vc_column_inner][\/vc_row_inner][\/vc_column][\/vc_row][vc_row][vc_column][vc_empty_space height=\u00bb75px\u00bb][vc_column_text]<\/p>\n<h4 style=\"font-weight: 400; text-align: center;\"><strong>Taller de Doctorandos y Doctorandas. 20 de septiembre de 2023<\/strong><br \/>\n<strong>La investigaci\u00f3n futura en la \u00e9poca global. <\/strong><br \/>\n<strong>Encuentro de doctorandos\/as Europa, \u00c1frica y Latinoam\u00e9rica<\/strong><\/h4>\n<p>[\/vc_column_text][vc_column_text]<\/p>\n<ol style=\"font-weight: 400;\">\n<li><strong>OBJETO DEL TALLER<\/strong><\/li>\n<\/ol>\n<p style=\"font-weight: 400;\">En el marco de las XXX Jornadas de la Asociaci\u00f3n Espa\u00f1ola de Profesores de Derecho internacional y Relaciones Internacionales, se realizar\u00e1 un Taller de doctorandos\/as europeos, africanos\/as y latinoamericanos\/as en la tarde anterior a la inauguraci\u00f3n de las Jornadas. La uni\u00f3n de doctorandos\/as de los tres or\u00edgenes nos permitir\u00e1 potenciar la investigaci\u00f3n futura en la disciplina en esta \u00e9poca global.<\/p>\n<p style=\"font-weight: 400;\">Dicho Taller est\u00e1 dirigido a un m\u00e1ximo de 25 personas inscritas en un programa de doctorado que tengan prevista la defensa de su tesis en 2024 o en 2025, en cualquiera de las \u00e1reas de conocimiento propias de la Asociaci\u00f3n. Se escoger\u00e1n doctorandos\/as procedentes de Universidades espa\u00f1olas, africanas y latinoamericanas. Se valorar\u00e1 que las propuestas analicen temas vinculados a los desaf\u00edos de la nueva globalizaci\u00f3n.<\/p>\n<p style=\"font-weight: 400;\">El objetivo general del Taller no es el de juzgar la metodolog\u00eda o los contenidos de los trabajos en curso, sino el de detectar puntos d\u00e9biles o sugerir nuevas ideas que puedan llevar a una mejora del resultado final de la tesis. A la vez se pretende dar a las y los participantes la oportunidad de compartir sus investigaciones con sus pares, tomar un primer contacto con los formatos cient\u00edficos acad\u00e9micos y recibir\u00a0<em>feedback<\/em>\u00a0de internacionalistas cuya carrera investigadora est\u00e1 consolidada. Este Taller ofrecer\u00e1, igualmente, la posibilidad de conocer a otras personas dedicadas al mismo \u00e1mbito, estrechando lazos cient\u00edficos y poniendo en com\u00fan ideas y experiencia.<\/p>\n<p style=\"font-weight: 400;\">En funci\u00f3n del n\u00famero de propuestas admitidas la organizaci\u00f3n se reserva la posibilidad de realizar el Taller en tres o cuatro sesiones paralelas.<\/p>\n<ol start=\"2\">\n<li><strong>ENV\u00cdO Y ACEPTACI\u00d3N DE PROPUESTAS<\/strong><\/li>\n<\/ol>\n<p style=\"font-weight: 400;\">Las personas que deseen participar en el Taller deber\u00e1n remitir su propuesta del 15 de abril al 19 de junio de 2023. Para vehicular el env\u00edo de la propuesta ser\u00e1 necesario el previo registro en la web de las Jornadas, el cual permitir\u00e1 a trav\u00e9s de un acceso privado realizar el env\u00edo de la propuesta.<\/p>\n<p style=\"font-weight: 400;\">En su propuesta, indicar\u00e1n nombre, Universidad de procedencia, a\u00f1o de programa de doctorado y objeto de su presentaci\u00f3n, en un m\u00e1ximo de 8 p\u00e1ginas. La propuesta puede dirigirse a la presentaci\u00f3n de resultados emp\u00edricos, de investigaciones completas o parciales, a la exposici\u00f3n de problemas o dificultades. En el Taller se analizar\u00e1n las metodolog\u00edas concretas que afrontan, la indagaci\u00f3n sobre l\u00edneas espec\u00edficas de argumentaci\u00f3n que desean desarrollar u otras cuestiones cient\u00edficas sobre las que desean obtener\u00a0<em>feedback<\/em>\u00a0u opini\u00f3n de investigadores\/as s\u00e9nior y dem\u00e1s participantes.<\/p>\n<p style=\"font-weight: 400;\">Las propuestas ser\u00e1n analizadas y, en su caso, aceptadas por la Comisi\u00f3n Acad\u00e9mica Organizadora de conformidad con los siguientes criterios:<\/p>\n<ol style=\"font-weight: 400;\">\n<li>Calidad cient\u00edfica de la propuesta.<\/li>\n<li>Originalidad e innovaci\u00f3n cient\u00edfica de la propuesta.<\/li>\n<li>Originalidad e innovaci\u00f3n del formato de la presentaci\u00f3n.<\/li>\n<\/ol>\n<p style=\"font-weight: 400;\">Cada participante contar\u00e1 con 20 minutos, de los cuales no m\u00e1s de 10 se podr\u00e1n destinar a la presentaci\u00f3n de la tem\u00e1tica concreta, dejando tiempo para el debate. Los\/as participantes decidir\u00e1n qu\u00e9 formato desean utilizar para sus contribuciones.<\/p>\n<p style=\"font-weight: 400;\">Recibidas las propuestas, la Comisi\u00f3n Acad\u00e9mica Organizadora, a m\u00e1s tardar, el 19 de junio de 2023, comunicar\u00e1 a aquellos\/as proponentes la selecci\u00f3n de su propuesta y las caracter\u00edsticas concretas del desarrollo del Taller. La participaci\u00f3n del o de la proponente en el Taller est\u00e1 sujeta a su efectiva inscripci\u00f3n en las XXX Jornadas.<\/p>\n<p style=\"font-weight: 400;\">La lista de investigadores\/as s\u00e9nior que participar\u00e1n en el Taller ser\u00e1 publicada con posterioridad a la selecci\u00f3n.<\/p>\n<ol start=\"3\">\n<li><strong>AYUDA A DOCTORANDOS\/AS<\/strong><\/li>\n<\/ol>\n<p style=\"font-weight: 400;\">La Asociaci\u00f3n apoyar\u00e1 la participaci\u00f3n de los\/as doctorandas\/os seleccionados\/as en el Taller mediante una ayuda que comprender\u00e1 el pago de un m\u00ednimo de 150 \u20ac para los doctorandos\/as espa\u00f1oles y de una ayuda adicional a esta para los doctorandos\/as africanos\/as y latinoamericanos\/as.<\/p>\n<ol start=\"4\">\n<li><strong>CUADRO DE FECHAS RELEVANTES<\/strong><\/li>\n<\/ol>\n<p style=\"font-weight: 400;\">Env\u00edo de propuestas: del 15 de abril al 19 de junio de 2023<\/p>\n<p style=\"font-weight: 400;\">Fecha de comunicaci\u00f3n de selecci\u00f3n de propuestas: 26 de junio de 2023<\/p>\n<p style=\"font-weight: 400;\">Fecha l\u00edmite de asignaci\u00f3n de ayudas de AEPDIRI: 30 de junio de 2023<\/p>\n<p style=\"font-weight: 400;\">Fecha l\u00edmite de publicaci\u00f3n de investigadores s\u00e9nior que participar\u00e1n en el Taller: 30 de junio de 2023<\/p>\n<p>[\/vc_column_text][\/vc_column][\/vc_row]<\/p>\n<\/section>","protected":false},"excerpt":{"rendered":"<p>[vc_row content_bg_color=\u00bbbg-grey\u00bb css=\u00bb.vc_custom_1680541824368{padding-top: 50px !important;padding-bottom: 30px !important;background-image: url(https:\/\/jornadasaepdiri2023.com\/wp-content\/uploads\/2023\/04\/Recurso-18-copia-1.jpg?id=806) !important;background-position: center !important;background-repeat: no-repeat !important;background-size: cover !important;}\u00bb][vc_column][vc_empty_space height=\u00bb75px\u00bb][vc_empty_space height=\u00bb75px\u00bb][vc_row_inner css=\u00bb.vc_custom_1596917051092{padding-top: 15px !important;padding-right: 10% !important;padding-left: 10% !important;}\u00bb el_class=\u00bbsm_no_padding\u00bb][vc_column_inner width=\u00bb1\/2&#8243; parallax_animation=\u00bbyes\u00bb scale_from_x=\u00bb1&#8243; scale_from_y=\u00bb1&#8243; scale_from_z=\u00bb1&#8243; from_opacity=\u00bb1&#8243; scale_to_x=\u00bb1&#8243; scale_to_y=\u00bb1&#8243; scale_to_z=\u00bb1&#8243; to_opacity=\u00bb1&#8243; translate_from_y=\u00bb42&#8243; translate_to_y=\u00bb-88&#8243;][\/vc_column_inner][vc_column_inner width=\u00bb1\/2&#8243; parallax_animation=\u00bbyes\u00bb scale_from_x=\u00bb1&#8243; scale_from_y=\u00bb1&#8243; scale_from_z=\u00bb1&#8243; from_opacity=\u00bb1&#8243; scale_to_x=\u00bb1&#8243; scale_to_y=\u00bb1&#8243; scale_to_z=\u00bb1&#8243; to_opacity=\u00bb1&#8243; translate_from_y=\u00bb57&#8243; translate_to_y=\u00bb-119&#8243;][\/vc_column_inner][\/vc_row_inner][\/vc_column][\/vc_row][vc_row][vc_column][vc_empty_space height=\u00bb75px\u00bb][vc_column_text] Taller de Doctorandos y Doctorandas. [&hellip;]<\/p>\n","protected":false},"author":1,"featured_media":0,"parent":0,"menu_order":0,"comment_status":"closed","ping_status":"closed","template":"","meta":{"_monsterinsights_skip_tracking":false,"_monsterinsights_sitenote_active":false,"_monsterinsights_sitenote_note":"","_monsterinsights_sitenote_category":0,"footnotes":""},"class_list":["post-811","page","type-page","status-publish","hentry"],"_links":{"self":[{"href":"https:\/\/jornadasaepdiri2023.com\/index.php\/wp-json\/wp\/v2\/pages\/811","targetHints":{"allow":["GET"]}}],"collection":[{"href":"https:\/\/jornadasaepdiri2023.com\/index.php\/wp-json\/wp\/v2\/pages"}],"about":[{"href":"https:\/\/jornadasaepdiri2023.com\/index.php\/wp-json\/wp\/v2\/types\/page"}],"author":[{"embeddable":true,"href":"https:\/\/jornadasaepdiri2023.com\/index.php\/wp-json\/wp\/v2\/users\/1"}],"replies":[{"embeddable":true,"href":"https:\/\/jornadasaepdiri2023.com\/index.php\/wp-json\/wp\/v2\/comments?post=811"}],"version-history":[{"count":17,"href":"https:\/\/jornadasaepdiri2023.com\/index.php\/wp-json\/wp\/v2\/pages\/811\/revisions"}],"predecessor-version":[{"id":1275,"href":"https:\/\/jornadasaepdiri2023.com\/index.php\/wp-json\/wp\/v2\/pages\/811\/revisions\/1275"}],"wp:attachment":[{"href":"https:\/\/jornadasaepdiri2023.com\/index.php\/wp-json\/wp\/v2\/media?parent=811"}],"curies":[{"name":"wp","href":"https:\/\/api.w.org\/{rel}","templated":true}]}}