{"id":516,"date":"2020-08-29T22:25:32","date_gmt":"2020-08-29T22:25:32","guid":{"rendered":"https:\/\/motivoweb.com\/teba\/?page_id=516"},"modified":"2023-04-06T09:51:22","modified_gmt":"2023-04-06T09:51:22","slug":"contacto","status":"publish","type":"page","link":"https:\/\/jornadasaepdiri2023.com\/index.php\/contacto\/","title":{"rendered":"Contacto"},"content":{"rendered":"<section class=\"wpb-content-wrapper\"><p>[vc_row bt_bg_overlay=\u00bb#8657db\u00bb bt_bg_second_overlay=\u00bb#2969b0&#8243; bt_bg_fixed=\u00bbtrue\u00bb css=\u00bb.vc_custom_1680774679752{padding-top: 100px !important;padding-bottom: 100px !important;background-image: url(https:\/\/jornadasaepdiri2023.com\/wp-content\/uploads\/2023\/04\/Fondo.png?id=1103) !important;background-position: center !important;background-repeat: no-repeat !important;background-size: contain !important;}\u00bb][vc_column][vc_row_inner el_class=\u00bbtablet_column_full sm_no_padding\u00bb][vc_column_inner width=\u00bb1\/2&#8243; css=\u00bb.vc_custom_1591584226816{padding-right: 50px !important;}\u00bb]       \n      <div class=\"mo-title-box title-box-style3  text-left\"  ><h3>Contacto<\/h3><svg xmlns=\"http:\/\/www.w3.org\/2000\/svg\" xmlns:xlink=\"http:\/\/www.w3.org\/1999\/xlink\" width=\"71px\" height=\"11px\"> <path fill-rule=\"evenodd\" d=\"M59.669,10.710 L49.164,3.306 L39.428,10.681 L29.714,3.322 L20.006,10.682 L10.295,3.322 L1.185,10.228 L-0.010,8.578 L10.295,0.765 L20.006,8.125 L29.714,0.765 L39.428,8.125 L49.122,0.781 L59.680,8.223 L69.858,1.192 L70.982,2.895 L59.669,10.710 Z\"><\/path><\/svg> <\/div>\n    [\/vc_column_inner][vc_column_inner width=\u00bb1\/2&#8243;][vc_empty_space height=\u00bb100px\u00bb el_class=\u00bbhide_mobile\u00bb][\/vc_column_inner][\/vc_row_inner][vc_column_text]<\/p>\n<p style=\"font-weight: 400;\">Para m\u00e1s informaci\u00f3n ponemos a su disposici\u00f3n el correo electr\u00f3nico de las Jornadas:<a href=\"mailto:jornadasordinarias2023@aepdiri.org\">jornadasordinarias2023@aepdiri.org<\/a><\/p>\n<p style=\"font-weight: 400;\"><span style=\"font-weight: 400;\">Tambi\u00e9n puede contactar con la organizaci\u00f3n a trav\u00e9s del siguiente formulario:<\/span><\/p>\n<p>[\/vc_column_text]\n<div class=\"wpcf7 no-js\" id=\"wpcf7-f992-o1\" lang=\"es-ES\" dir=\"ltr\" data-wpcf7-id=\"992\">\n<div class=\"screen-reader-response\"><p role=\"status\" aria-live=\"polite\" aria-atomic=\"true\"><\/p> <ul><\/ul><\/div>\n<form action=\"\/index.php\/wp-json\/wp\/v2\/pages\/516#wpcf7-f992-o1\" method=\"post\" class=\"wpcf7-form init\" aria-label=\"Formulario de contacto\" novalidate=\"novalidate\" data-status=\"init\">\n<div style=\"display: none;\">\n<input type=\"hidden\" name=\"_wpcf7\" value=\"992\" \/>\n<input type=\"hidden\" name=\"_wpcf7_version\" value=\"6.0.4\" \/>\n<input type=\"hidden\" name=\"_wpcf7_locale\" value=\"es_ES\" \/>\n<input type=\"hidden\" name=\"_wpcf7_unit_tag\" value=\"wpcf7-f992-o1\" \/>\n<input type=\"hidden\" name=\"_wpcf7_container_post\" value=\"0\" \/>\n<input type=\"hidden\" name=\"_wpcf7_posted_data_hash\" value=\"\" \/>\n<\/div>\n<p><label> Nombre y Apellidos<br \/>\n<span class=\"wpcf7-form-control-wrap\" data-name=\"your-name\"><input size=\"40\" maxlength=\"400\" class=\"wpcf7-form-control wpcf7-text wpcf7-validates-as-required\" autocomplete=\"name\" aria-required=\"true\" aria-invalid=\"false\" value=\"\" type=\"text\" name=\"your-name\" \/><\/span> <\/label>\n<\/p>\n<p><label> Instituci\u00f3n<br \/>\n<span class=\"wpcf7-form-control-wrap\" data-name=\"your-name\"><input size=\"40\" maxlength=\"400\" class=\"wpcf7-form-control wpcf7-text wpcf7-validates-as-required\" autocomplete=\"name\" aria-required=\"true\" aria-invalid=\"false\" value=\"\" type=\"text\" name=\"your-name\" \/><\/span> <\/label>\n<\/p>\n<p><label> Tel\u00e9fono de Contacto<br \/>\n<span class=\"wpcf7-form-control-wrap\" data-name=\"TelfonodeContacto\"><input size=\"40\" maxlength=\"400\" class=\"wpcf7-form-control wpcf7-tel wpcf7-validates-as-required wpcf7-text wpcf7-validates-as-tel\" aria-required=\"true\" aria-invalid=\"false\" value=\"\" type=\"tel\" name=\"TelfonodeContacto\" \/><\/span><\/label>\n<\/p>\n<p><label> Tu correo electr\u00f3nico<br \/>\n<span class=\"wpcf7-form-control-wrap\" data-name=\"your-email\"><input size=\"40\" maxlength=\"400\" class=\"wpcf7-form-control wpcf7-email wpcf7-validates-as-required wpcf7-text wpcf7-validates-as-email\" autocomplete=\"email\" aria-required=\"true\" aria-invalid=\"false\" value=\"\" type=\"email\" name=\"your-email\" \/><\/span> <\/label>\n<\/p>\n<p><label> Tu mensaje (opcional)<br \/>\n<span class=\"wpcf7-form-control-wrap\" data-name=\"your-message\"><textarea cols=\"40\" rows=\"10\" maxlength=\"2000\" class=\"wpcf7-form-control wpcf7-textarea\" aria-invalid=\"false\" name=\"your-message\"><\/textarea><\/span> <\/label>\n<\/p>\n<p><input class=\"wpcf7-form-control wpcf7-submit has-spinner\" type=\"submit\" value=\"Enviar\" \/>\n<\/p><p style=\"display: none !important;\" class=\"akismet-fields-container\" data-prefix=\"_wpcf7_ak_\"><label>&#916;<textarea name=\"_wpcf7_ak_hp_textarea\" cols=\"45\" rows=\"8\" maxlength=\"100\"><\/textarea><\/label><input type=\"hidden\" id=\"ak_js_1\" name=\"_wpcf7_ak_js\" value=\"165\"\/><script>document.getElementById( \"ak_js_1\" ).setAttribute( \"value\", ( new Date() ).getTime() );<\/script><\/p><div class=\"wpcf7-response-output\" aria-hidden=\"true\"><\/div>\n<\/form>\n<\/div>\n     <div class=\"text-center \">\n       <a class=\"button btn-border btn-txt-circle light hr_light bg_primary bg_hr_primary outline_grey outline_hr_grey medium radius5 linear\"  href=\"https:\/\/www.ulpgc.es\/sobre-esta-web\/tratamiento-datos-personales\" target=\"_blank\"><span class=\"button-text\">Pol\u00edtica de Privacidad<\/span>\n                            <\/a> \n\t <\/div>\n    [\/vc_column][\/vc_row]<\/p>\n<\/section>","protected":false},"excerpt":{"rendered":"<p>[vc_row bt_bg_overlay=\u00bb#8657db\u00bb bt_bg_second_overlay=\u00bb#2969b0&#8243; bt_bg_fixed=\u00bbtrue\u00bb css=\u00bb.vc_custom_1680774679752{padding-top: 100px !important;padding-bottom: 100px !important;background-image: url(https:\/\/jornadasaepdiri2023.com\/wp-content\/uploads\/2023\/04\/Fondo.png?id=1103) !important;background-position: center !important;background-repeat: no-repeat !important;background-size: contain !important;}\u00bb][vc_column][vc_row_inner el_class=\u00bbtablet_column_full sm_no_padding\u00bb][vc_column_inner width=\u00bb1\/2&#8243; css=\u00bb.vc_custom_1591584226816{padding-right: 50px !important;}\u00bb][\/vc_column_inner][vc_column_inner width=\u00bb1\/2&#8243;][vc_empty_space height=\u00bb100px\u00bb el_class=\u00bbhide_mobile\u00bb][\/vc_column_inner][\/vc_row_inner][vc_column_text] Para m\u00e1s informaci\u00f3n ponemos a su disposici\u00f3n el correo electr\u00f3nico de las Jornadas:jornadasordinarias2023@aepdiri.org Tambi\u00e9n puede contactar con la organizaci\u00f3n a trav\u00e9s del siguiente formulario: [\/vc_column_text][\/vc_column][\/vc_row]<\/p>\n","protected":false},"author":1,"featured_media":0,"parent":0,"menu_order":0,"comment_status":"closed","ping_status":"closed","template":"","meta":{"_monsterinsights_skip_tracking":false,"_monsterinsights_sitenote_active":false,"_monsterinsights_sitenote_note":"","_monsterinsights_sitenote_category":0,"footnotes":""},"class_list":["post-516","page","type-page","status-publish","hentry"],"_links":{"self":[{"href":"https:\/\/jornadasaepdiri2023.com\/index.php\/wp-json\/wp\/v2\/pages\/516","targetHints":{"allow":["GET"]}}],"collection":[{"href":"https:\/\/jornadasaepdiri2023.com\/index.php\/wp-json\/wp\/v2\/pages"}],"about":[{"href":"https:\/\/jornadasaepdiri2023.com\/index.php\/wp-json\/wp\/v2\/types\/page"}],"author":[{"embeddable":true,"href":"https:\/\/jornadasaepdiri2023.com\/index.php\/wp-json\/wp\/v2\/users\/1"}],"replies":[{"embeddable":true,"href":"https:\/\/jornadasaepdiri2023.com\/index.php\/wp-json\/wp\/v2\/comments?post=516"}],"version-history":[{"count":12,"href":"https:\/\/jornadasaepdiri2023.com\/index.php\/wp-json\/wp\/v2\/pages\/516\/revisions"}],"predecessor-version":[{"id":1104,"href":"https:\/\/jornadasaepdiri2023.com\/index.php\/wp-json\/wp\/v2\/pages\/516\/revisions\/1104"}],"wp:attachment":[{"href":"https:\/\/jornadasaepdiri2023.com\/index.php\/wp-json\/wp\/v2\/media?parent=516"}],"curies":[{"name":"wp","href":"https:\/\/api.w.org\/{rel}","templated":true}]}}