{"id":192,"date":"2020-08-14T23:40:34","date_gmt":"2020-08-14T23:40:34","guid":{"rendered":"https:\/\/motivoweb.com\/teba\/?page_id=192"},"modified":"2023-05-05T11:00:57","modified_gmt":"2023-05-05T11:00:57","slug":"home","status":"publish","type":"page","link":"https:\/\/jornadasaepdiri2023.com\/","title":{"rendered":"Inicio"},"content":{"rendered":"<section class=\"wpb-content-wrapper\"><p>[vc_row canvas=\u00bbparticles2&#8243; css=\u00bb.vc_custom_1681226218780{background-image: url(https:\/\/jornadasaepdiri2023.com\/wp-content\/uploads\/2023\/04\/Universidad-de-Las-Palmas-de-Gran-Canaria-2200-\u00d7-686-px.png?id=1086) !important;background-position: center !important;background-repeat: no-repeat !important;background-size: cover !important;}\u00bb][vc_column width=\u00bb2\/3&#8243; css=\u00bb.vc_custom_1592785166166{padding-top: 10% !important;}\u00bb][vc_row_inner css=\u00bb.vc_custom_1595889474173{padding-right: 15% !important;}\u00bb][vc_column_inner css=\u00bb.vc_custom_1572034525037{padding-right: 0px !important;padding-left: 0px !important;}\u00bb][vc_empty_space height=\u00bb150px\u00bb][vc_column_text css=\u00bb.vc_custom_1681382695771{margin-bottom: 0px !important;}\u00bb]<\/p>\n<p class=\"white_txt\" style=\"background: rgba(225,225, 255,0.2); float: left; padding: 0px 10px; border-radius: 50px; margin-bottom: 15px; font-size: 13px; font-weight: 600;\"><span style=\"color: #20325e;\">AEPDIRI y ULPGC<\/span><\/p>\n<p>[\/vc_column_text]<div class=\"fancy_heading\" style=\"color:#20325e; font-size:45px; line-height:50px;   font-weight:600;  \"><h3 > XXX Jornadas de la Asociaci\u00f3n Espa\u00f1ola de Profesores de Derecho Internacional y Relaciones Internacionales<\/h3>        \n       \t\n\t\t\n\t<\/div>\n    [vc_column_text css=\u00bb.vc_custom_1680692410566{margin-bottom: 0px !important;padding-right: 15% !important;}\u00bb]<\/p>\n<h4 class=\"white_txt\" style=\"font-size: 17px; font-weight: 500;\"><strong><span style=\"color: #20325e;\">Del 20 al 24 de septiembre de 2023<\/span><\/strong><\/h4>\n<p>[\/vc_column_text][vc_empty_space height=\u00bb30px\u00bb]     <div class=\"text-left \">\n       <a class=\"button btn-border btn-txt-circle light hr_light bg_primary bg_hr_dark outline_grey outline_hr_grey medium radius5 roll\"  href=\"https:\/\/jornadasaepdiri2023.com\/index.php\/inscripcion\/\" target=\"_self\"><span class=\"button-text\">Inscr\u00edbete<\/span>\n                            <\/a> \n\t <\/div>\n    [vc_empty_space height=\u00bb250px\u00bb][\/vc_column_inner][\/vc_row_inner][\/vc_column][vc_column width=\u00bb1\/3&#8243; parallax_animation=\u00bbyes\u00bb scale_from_x=\u00bb1&#8243; scale_from_y=\u00bb1&#8243; scale_from_z=\u00bb1&#8243; from_opacity=\u00bb1&#8243; scale_to_x=\u00bb1&#8243; scale_to_y=\u00bb1&#8243; scale_to_z=\u00bb1&#8243; to_opacity=\u00bb1&#8243; translate_from_y=\u00bb128&#8243; translate_from_z=\u00bb-2&#8243; translate_to_y=\u00bb-35&#8243; css=\u00bb.vc_custom_1589670909231{padding-right: 100px !important;}\u00bb][\/vc_column][\/vc_row][vc_row css=\u00bb.vc_custom_1589673249757{padding-top: 50px !important;padding-bottom: 50px !important;}\u00bb el_class=\u00bbtablet_column_full\u00bb][vc_column css=\u00bb.vc_custom_1683284138820{margin-top: -100px !important;}\u00bb][vc_row_inner gap=\u00bb10&#8243; el_class=\u00bbbox-shadow radius5&#8243; css=\u00bb.vc_custom_1683283952513{padding-top: 15px !important;padding-bottom: 15px !important;background-color: #ffffff !important;}\u00bb][vc_column_inner]\t\t<div class=\"mo-image-carousel-wrap   primary \">\n\t\t\t<div class=\"image-carousel\" data-col_lg=\"6\" data-col_md=\"4\" data-col_sm=\"3\" data-col_xs=\"1\" data-item_space=\"15\" data-loop=\"true\" data-autoplay=\"true\" data-smartspeed=\"500\" data-nav=\"false\" data-dots=\"false\">\n\t\t\t\t<img decoding=\"async\" data-src=\"https:\/\/jornadasaepdiri2023.com\/wp-content\/uploads\/2023\/04\/Mesa-de-trabajo-1-1-1024x1024.png\" alt=\"image\" src=\"data:image\/gif;base64,R0lGODlhAQABAAAAACH5BAEKAAEALAAAAAABAAEAAAICTAEAOw==\" class=\"lazyload\" style=\"--smush-placeholder-width: 1024px; --smush-placeholder-aspect-ratio: 1024\/1024;\" \/><img decoding=\"async\" data-src=\"https:\/\/jornadasaepdiri2023.com\/wp-content\/uploads\/2023\/04\/Mesa-de-trabajo-1-copia-1-1024x1024.png\" alt=\"image\" src=\"data:image\/gif;base64,R0lGODlhAQABAAAAACH5BAEKAAEALAAAAAABAAEAAAICTAEAOw==\" class=\"lazyload\" style=\"--smush-placeholder-width: 1024px; --smush-placeholder-aspect-ratio: 1024\/1024;\" \/><img decoding=\"async\" data-src=\"https:\/\/jornadasaepdiri2023.com\/wp-content\/uploads\/2023\/04\/Mesa-de-trabajo-1-copia-7-1-1024x1024.png\" alt=\"image\" src=\"data:image\/gif;base64,R0lGODlhAQABAAAAACH5BAEKAAEALAAAAAABAAEAAAICTAEAOw==\" class=\"lazyload\" style=\"--smush-placeholder-width: 1024px; --smush-placeholder-aspect-ratio: 1024\/1024;\" \/><img decoding=\"async\" data-src=\"https:\/\/jornadasaepdiri2023.com\/wp-content\/uploads\/2023\/04\/Mesa-de-trabajo-1-copia-6-1-1024x1024.png\" alt=\"image\" src=\"data:image\/gif;base64,R0lGODlhAQABAAAAACH5BAEKAAEALAAAAAABAAEAAAICTAEAOw==\" class=\"lazyload\" style=\"--smush-placeholder-width: 1024px; --smush-placeholder-aspect-ratio: 1024\/1024;\" \/><img decoding=\"async\" data-src=\"https:\/\/jornadasaepdiri2023.com\/wp-content\/uploads\/2023\/04\/Mesa-de-trabajo-1-copia-5-1-1024x1024.png\" alt=\"image\" src=\"data:image\/gif;base64,R0lGODlhAQABAAAAACH5BAEKAAEALAAAAAABAAEAAAICTAEAOw==\" class=\"lazyload\" style=\"--smush-placeholder-width: 1024px; --smush-placeholder-aspect-ratio: 1024\/1024;\" \/><img decoding=\"async\" data-src=\"https:\/\/jornadasaepdiri2023.com\/wp-content\/uploads\/2023\/04\/Mesa-de-trabajo-1-copia-3-1-1024x1024.png\" alt=\"image\" src=\"data:image\/gif;base64,R0lGODlhAQABAAAAACH5BAEKAAEALAAAAAABAAEAAAICTAEAOw==\" class=\"lazyload\" style=\"--smush-placeholder-width: 1024px; --smush-placeholder-aspect-ratio: 1024\/1024;\" \/><img decoding=\"async\" data-src=\"https:\/\/jornadasaepdiri2023.com\/wp-content\/uploads\/2023\/04\/Mesa-de-trabajo-1-copia-2-1-1024x1024.png\" alt=\"image\" src=\"data:image\/gif;base64,R0lGODlhAQABAAAAACH5BAEKAAEALAAAAAABAAEAAAICTAEAOw==\" class=\"lazyload\" style=\"--smush-placeholder-width: 1024px; --smush-placeholder-aspect-ratio: 1024\/1024;\" \/><img decoding=\"async\" data-src=\"https:\/\/jornadasaepdiri2023.com\/wp-content\/uploads\/2023\/04\/Mesa-de-trabajo-1-copia-4-1-1024x1024.png\" alt=\"image\" src=\"data:image\/gif;base64,R0lGODlhAQABAAAAACH5BAEKAAEALAAAAAABAAEAAAICTAEAOw==\" class=\"lazyload\" style=\"--smush-placeholder-width: 1024px; --smush-placeholder-aspect-ratio: 1024\/1024;\" \/>\t\t\t<\/div>\n\t\t<\/div>\n    [\/vc_column_inner][\/vc_row_inner][vc_empty_space height=\u00bb120px\u00bb]    <div class=\"mo-countdown-clock countdown-wraper clearfix text-center style3  \" data-wow-delay=\"0.1s\">\n\t  <div class=\"getting-started\" data-count-down=\"2023\/09\/20\"><\/div>\n    <\/div>\n    [\/vc_column][\/vc_row][vc_row css=\u00bb.vc_custom_1592851078656{padding-top: 50px !important;padding-bottom: 50px !important;}\u00bb el_class=\u00bbtablet_column_full\u00bb][vc_column width=\u00bb1\/2&#8243; offset=\u00bbvc_col-lg-6 vc_col-md-6 vc_col-xs-12&#8243;]       \n      <div class=\"mo-title-box title-box-style1  text-left\"  ><h3>Introducci\u00f3n<\/h3> <\/div>\n    [vc_column_text css=\u00bb.vc_custom_1680524343687{margin-bottom: 20px !important;padding-top: 15px !important;padding-right: 10% !important;}\u00bb]<\/p>\n<p class=\"_04xlpA direction-ltr align-start para-style-body\"><span class=\"S1PPyQ\">Durante los d\u00edas <\/span><span class=\"S1PPyQ\">20 a 24 de septiembre de 2023<\/span><span class=\"S1PPyQ\">, la Universidad de Las Palmas de Gran Canaria acoger\u00e1, en Gran Canaria, la celebraci\u00f3n de las XXX Jornadas ordinarias de la Asociaci\u00f3n Espa\u00f1ola de Profesores de Derecho Internacional y Relaciones Internacionales (AEPDIRI).<\/span><\/p>\n<p class=\"_04xlpA direction-ltr align-start para-style-body\"><span class=\"S1PPyQ\">Las Jornadas abordar\u00e1n el tema \u201cEl Derecho Internacional y las Relaciones internacionales como respuesta a los desaf\u00edos de la nueva globalizaci\u00f3n\u201d. El planeta vive un momento en el que se han alterado y puesto en duda los par\u00e1metros hasta ahora conocidos en las relaciones de poder en las Organizaciones Internacionales y entre los Estados m\u00e1s influyentes del mundo. La UE, la ONU, la OTAN viven un momento de redefinici\u00f3n de su relaci\u00f3n y de su posici\u00f3n en el mundo.<\/span><\/p>\n<p class=\"_04xlpA direction-ltr align-start para-style-body\"><span class=\"S1PPyQ\">Surgen nuevas y olvidadas tensiones entre las grandes potencias en una escalada verbal y armament\u00edstica desconocida en la \u00faltima \u00e9poca. Todo ello con una guerra en el coraz\u00f3n de Europa que afecta directamente a este juego de poder y relaciones. Esta coyuntura afecta de lleno la vida de los ciudadanos que desarrollan su vida y actividades en un mundo que es completamente internacional, sufriendo inseguridad jur\u00eddica en sus vidas y poniendo en riesgo el disfrute de sus derechos, econ\u00f3micos, sociales y pol\u00edticos.<\/span><\/p>\n<p>[\/vc_column_text][\/vc_column][vc_column width=\u00bb1\/2&#8243;][vc_column_text css=\u00bb.vc_custom_1680524370007{margin-bottom: 20px !important;padding-top: 15px !important;padding-right: 10% !important;}\u00bb]<\/p>\n<p class=\"_04xlpA direction-ltr align-start para-style-body\"><span class=\"S1PPyQ\">En este contexto la academia de estudiosos del Derecho Internacional P\u00fablico, del Derecho Internacional Privado y de las Relaciones Internacionales reclamamos la vigencia y el protagonismo de la reflexi\u00f3n, el debate y las propuestas de respuesta a los desaf\u00edos de esta nueva globalizaci\u00f3n. Este ser\u00e1 el n\u00facleo central de la l\u00ednea argumental de nuestras Jornadas.<\/span><\/p>\n<p class=\"_04xlpA direction-ltr align-start para-style-body\"><span class=\"S1PPyQ\">Este debate, que tiene como n\u00facleo el centro de las relaciones internacionales entre organizaciones, Estados y personas, se celebra en una de las ocho islas del archipi\u00e9lago canario, que se presenta ante la academia espa\u00f1ola y ante el mundo como puente entre tres continentes: Europa, \u00c1frica y Am\u00e9rica. En el momento en el que Espa\u00f1a estar\u00e1 ejerciendo la presidencia del Consejo Europeo de la UE proponemos organizar unas jornadas tricontinentales, especialmente en lo relativo al potencial futuro de la disciplina.<\/span><\/p>\n<p class=\"_04xlpA direction-ltr align-start para-style-body\"><span class=\"S1PPyQ\">Por ello, en el taller de doctorandos, que se celebrar\u00e1 el d\u00eda 20 de septiembre, con la estrecha colaboraci\u00f3n de la European Society of International Law (ESIL), la African Society of International Law (ASIL) y la Asociaci\u00f3n Americana de Derecho Internacional Privado (ASADIP), investigadores noveles y s\u00e9nior de las tres orillas conocer\u00e1n los trabajos de investigaci\u00f3n que se desarrollan en la actualidad, podr\u00e1n intercambiar experiencias y contribuir a que se tejan redes de contacto entre j\u00f3venes investigadores europeos, africanos y latinoamericanos.<\/span><\/p>\n<p>[\/vc_column_text][\/vc_column][\/vc_row][vc_row content_animation=\u00bbyes\u00bb mo_init_scale_x=\u00bb1&#8243; mo_init_scale_y=\u00bb1&#8243; mo_init_scale_z=\u00bb1&#8243; mo_init_opacity=\u00bb0&#8243; mo_an_scale_x=\u00bb1&#8243; mo_an_scale_y=\u00bb1&#8243; mo_an_scale_z=\u00bb1&#8243; mo_an_opacity=\u00bb1&#8243; ca_easing=\u00bbeaseOutExpo\u00bb ca_init_scale_x=\u00bb1&#8243; ca_init_scale_y=\u00bb1.25&#8243; ca_init_scale_z=\u00bb1&#8243; ca_init_opacity=\u00bb1&#8243; ca_an_scale_x=\u00bb1&#8243; ca_an_scale_y=\u00bb4.75&#8243; ca_an_scale_z=\u00bb1&#8243; ca_an_opacity=\u00bb1&#8243; enable_content_animation=\u00bbyes\u00bb mo_color_separator=\u00bb#81d742&#8243; separator_color=\u00bbprimary\u00bb row_separator_color=\u00bbsecondary\u00bb css=\u00bb.vc_custom_1680692821973{margin-right: 0px !important;margin-left: 0px !important;padding-top: 0px !important;padding-bottom: 100px !important;}\u00bb ca_duration=\u00bb12&#8243; ca_start_delay=\u00bb20&#8243; ca_delay=\u00bb300&#8243; ca_init_translate_y=\u00bb13&#8243; ca_an_translate_y=\u00bb8&#8243; ca_init_values=\u00bb\u00bb ca_animations_values=\u00bb\u00bb el_class=\u00bbtablet_column_full\u00bb mo_init_translate_y=\u00bb90&#8243; mo_init_translate_z=\u00bb53&#8243; mo_init_rotate_x=\u00bb-35&#8243;][vc_column css_animation=\u00bbnone\u00bb]       \n      <div class=\"mo-title-box title-box-style1  text-center\"  ><div class=\"content\"><\/p>\n<h3>El programa de las jornadas de los d\u00edas 21 y 22 de septiembre se estructura en torno a cinco sesiones dedicadas a:<\/h3>\n<p><\/div> <\/div>\n    [vc_row_inner css=\u00bb.vc_custom_1593208510468{padding-top: 30px !important;}\u00bb][vc_column_inner width=\u00bb1\/3&#8243;]\t\t<div class=\"service iconbox color_yellow  icon-box-style6\" >\n\t\t    <div class=\"icon-wrap\"><i class=\"pe-7s-plane\"><\/i><\/div>\t\t  <div class=\"title-wrap\">\n\t\t\t   <h6>La nueva globalizaci\u00f3n, aproximaci\u00f3n y desaf\u00edos para el derecho internacional y las relaciones internacionales.<\/h6>\t\t\t             <\/div>\n\t\t<\/div>\n        <div class=\"clearfix\"><\/div>\n    [\/vc_column_inner][vc_column_inner width=\u00bb1\/3&#8243;]\t\t<div class=\"service iconbox color_blue  icon-box-style6\" >\n\t\t    <div class=\"icon-wrap\"><i class=\"pe-7s-users\"><\/i><\/div>\t\t  <div class=\"title-wrap\">\n\t\t\t   <h6>Soluci\u00f3n de conflictos en la era de la nueva globalizaci\u00f3n.<\/h6>\t\t\t             <\/div>\n\t\t<\/div>\n        <div class=\"clearfix\"><\/div>\n    [\/vc_column_inner][vc_column_inner width=\u00bb1\/3&#8243;]\t\t<div class=\"service iconbox color_green  icon-box-style6\" >\n\t\t    <div class=\"icon-wrap\"><i class=\"pe-7s-leaf\"><\/i><\/div>\t\t  <div class=\"title-wrap\">\n\t\t\t   <h6>Retos econ\u00f3micos y energ\u00e9ticos en tiempos de la nueva globalizaci\u00f3n.<\/h6>\t\t\t             <\/div>\n\t\t<\/div>\n        <div class=\"clearfix\"><\/div>\n    [\/vc_column_inner][\/vc_row_inner][vc_row_inner][vc_column_inner width=\u00bb1\/2&#8243;]\t\t<div class=\"service iconbox color_purple  icon-box-style6\" >\n\t\t    <div class=\"icon-wrap\"><i class=\"pe-7s-add-user\"><\/i><\/div>\t\t  <div class=\"title-wrap\">\n\t\t\t   <h6>Conflictos humanitarios, migratorios y de refugiados en la era de la nueva globalizaci\u00f3n.<\/h6>\t\t\t             <\/div>\n\t\t<\/div>\n        <div class=\"clearfix\"><\/div>\n    [\/vc_column_inner][vc_column_inner width=\u00bb1\/2&#8243;]\t\t<div class=\"service iconbox color_dark  icon-box-style6\" >\n\t\t    <div class=\"icon-wrap\"><i class=\"pe-7s-switch\"><\/i><\/div>\t\t  <div class=\"title-wrap\">\n\t\t\t   <h6>Relaciones entre Estados y ciudadanos en la nueva globalizaci\u00f3n.<\/h6>\t\t\t             <\/div>\n\t\t<\/div>\n        <div class=\"clearfix\"><\/div>\n    [\/vc_column_inner][\/vc_row_inner][\/vc_column][\/vc_row][vc_row full_width=\u00bbstretch_row_content_no_spaces\u00bb canvas=\u00bbparticles2&#8243; content_bg_color=\u00bbbg-dark-grey\u00bb css=\u00bb.vc_custom_1593124881306{padding-top: 100px !important;padding-bottom: 280px !important;}\u00bb][vc_column]       \n      <div class=\"mo-title-box title-box-style1  text-center\"  ><h3>\u00a1Te esperamos en las jornadas!<\/h3> <\/div>\n    [\/vc_column][\/vc_row][vc_row full_width=\u00bbstretch_row_content_no_spaces\u00bb css=\u00bb.vc_custom_1592866220476{margin-top: -250px !important;}\u00bb][vc_column][vc_row_inner][vc_column_inner][vc_media_grid style=\u00bbload-more\u00bb items_per_page=\u00bb12&#8243; element_width=\u00bb2&#8243; gap=\u00bb30&#8243; grid_id=\u00bbvc_gid:1683284103570-3c1acc32-e967-1&#8243; include=\u00bb1010,1148,1012,1013,1147,1014,1015,1017,1018,1020,1021,1019&#8243;][\/vc_column_inner][\/vc_row_inner][\/vc_column][\/vc_row][vc_row][vc_column]     <div class=\"text-center \">\n       <a class=\"button btn-solid btn-txt-circle light hr_light bg_primary bg_hr_primary outline_grey outline_hr_grey large radius5 roll\"  href=\"https:\/\/jornadasaepdiri2023.com\/index.php\/inscripcion\/\" target=\"_self\"><span class=\"button-text\">Inscr\u00edbete<\/span>\n                            <\/a> \n\t <\/div>\n    [vc_empty_space][\/vc_column][\/vc_row]<\/p>\n<\/section>","protected":false},"excerpt":{"rendered":"<p>[vc_row canvas=\u00bbparticles2&#8243; css=\u00bb.vc_custom_1681226218780{background-image: url(https:\/\/jornadasaepdiri2023.com\/wp-content\/uploads\/2023\/04\/Universidad-de-Las-Palmas-de-Gran-Canaria-2200-\u00d7-686-px.png?id=1086) !important;background-position: center !important;background-repeat: no-repeat !important;background-size: cover !important;}\u00bb][vc_column width=\u00bb2\/3&#8243; css=\u00bb.vc_custom_1592785166166{padding-top: 10% !important;}\u00bb][vc_row_inner css=\u00bb.vc_custom_1595889474173{padding-right: 15% !important;}\u00bb][vc_column_inner css=\u00bb.vc_custom_1572034525037{padding-right: 0px !important;padding-left: 0px !important;}\u00bb][vc_empty_space height=\u00bb150px\u00bb][vc_column_text css=\u00bb.vc_custom_1681382695771{margin-bottom: 0px !important;}\u00bb] AEPDIRI y ULPGC [\/vc_column_text][vc_column_text css=\u00bb.vc_custom_1680692410566{margin-bottom: 0px !important;padding-right: 15% !important;}\u00bb] Del 20 al 24 de septiembre de 2023 [\/vc_column_text][vc_empty_space height=\u00bb30px\u00bb][vc_empty_space height=\u00bb250px\u00bb][\/vc_column_inner][\/vc_row_inner][\/vc_column][vc_column width=\u00bb1\/3&#8243; parallax_animation=\u00bbyes\u00bb scale_from_x=\u00bb1&#8243; scale_from_y=\u00bb1&#8243; scale_from_z=\u00bb1&#8243; from_opacity=\u00bb1&#8243; scale_to_x=\u00bb1&#8243; scale_to_y=\u00bb1&#8243; [&hellip;]<\/p>\n","protected":false},"author":1,"featured_media":0,"parent":0,"menu_order":0,"comment_status":"closed","ping_status":"closed","template":"page-no-title-bar.php","meta":{"_monsterinsights_skip_tracking":false,"_monsterinsights_sitenote_active":false,"_monsterinsights_sitenote_note":"","_monsterinsights_sitenote_category":0,"footnotes":""},"class_list":["post-192","page","type-page","status-publish","hentry"],"_links":{"self":[{"href":"https:\/\/jornadasaepdiri2023.com\/index.php\/wp-json\/wp\/v2\/pages\/192","targetHints":{"allow":["GET"]}}],"collection":[{"href":"https:\/\/jornadasaepdiri2023.com\/index.php\/wp-json\/wp\/v2\/pages"}],"about":[{"href":"https:\/\/jornadasaepdiri2023.com\/index.php\/wp-json\/wp\/v2\/types\/page"}],"author":[{"embeddable":true,"href":"https:\/\/jornadasaepdiri2023.com\/index.php\/wp-json\/wp\/v2\/users\/1"}],"replies":[{"embeddable":true,"href":"https:\/\/jornadasaepdiri2023.com\/index.php\/wp-json\/wp\/v2\/comments?post=192"}],"version-history":[{"count":105,"href":"https:\/\/jornadasaepdiri2023.com\/index.php\/wp-json\/wp\/v2\/pages\/192\/revisions"}],"predecessor-version":[{"id":1262,"href":"https:\/\/jornadasaepdiri2023.com\/index.php\/wp-json\/wp\/v2\/pages\/192\/revisions\/1262"}],"wp:attachment":[{"href":"https:\/\/jornadasaepdiri2023.com\/index.php\/wp-json\/wp\/v2\/media?parent=192"}],"curies":[{"name":"wp","href":"https:\/\/api.w.org\/{rel}","templated":true}]}}